{"id":389,"date":"2025-02-07T10:28:51","date_gmt":"2025-02-07T10:28:51","guid":{"rendered":"https:\/\/beste-seo.in\/dresden\/"},"modified":"2025-02-28T05:37:31","modified_gmt":"2025-02-28T05:37:31","slug":"dresden","status":"publish","type":"page","link":"https:\/\/beste-seo.in\/en\/dresden\/","title":{"rendered":"Dresden"},"content":{"rendered":"\n<h3 class=\"wp-block-heading\"><strong>Best SEO agencies and experts in Dresden<\/strong><\/h3>\n\n<p>Welcome to <strong>beste-seo.in<\/strong>, the leading platform for the evaluation and overview of the best SEO agencies and experts in <strong>Dresden<\/strong>. Success on the Internet starts with a strong Google ranking. In addition to the 543,825 inhabitants of Dresden, we want to know who the TOP SEOs are. In our overview you will find the <strong>top 10 providers for SEO in Dresden<\/strong>, who are characterized by first-class services, innovation and customer satisfaction.<\/p>\n\n<hr class=\"wp-block-separator has-alpha-channel-opacity\"\/>\n\n<h4 class=\"wp-block-heading\"><strong>Top 10 SEO rankings in Dresden<\/strong><\/h4>\n\n<p>The following companies are currently the frontrunners in the search results for the query &#8220;Best SEO in Dresden&#8221;:<\/p>\n\n<p>1. self-selling solutions 2. Zimmermanns Internet &amp; PR Consulting 3 WEBneo GmbH 4. mi-marketing 5 CleverSEO 6 Manuela Kind &#8211; Search engine optimization 7 WEBKOMMUNIKATION24 GmbH 8. aditude &#8211; Online Marketing 9th SEO Agency Thiess 10th SEO Agency &amp; Coaching in Chemnitz &#8211; DIVEREX UG Search for &#8220;Best SEO in Dresden&#8221; yields similar results, with WEBneo and SEO Agentur Dresden being highlighted as particularly experienced and successful.<\/p>\n\n<p><em>(Our list is updated regularly and is based on a comprehensive analysis).<\/em><\/p>\n\n<hr class=\"wp-block-separator has-alpha-channel-opacity\"\/>\n\n<h4 class=\"wp-block-heading\"><strong>Why is SEO in Dresden crucial for your success?<\/strong><\/h4>\n\n<p>With its numerous companies and a highly networked business world, <strong>Dresden<\/strong> is one of the most important economic centers in Germany. The competition for the best places on Google is becoming ever more intense. The providers in our top 10 list will help you to successfully stand out through targeted search engine optimization (SEO) and win more customers in the long term.<\/p>\n\n<hr class=\"wp-block-separator has-alpha-channel-opacity\"\/>\n\n<h4 class=\"wp-block-heading\"><strong>How are the best SEO agencies selected?<\/strong><\/h4>\n\n<p>The evaluation of SEO providers is based on several criteria, including:<\/p>\n\n<ul class=\"wp-block-list\">\n<li><strong>Client success:<\/strong> What results were the agencies able to achieve for their clients?<\/li>\n\n\n\n<li><strong>Reviews:<\/strong> How satisfied are customers with the collaboration?<\/li>\n\n\n\n<li><strong>Innovative strategies:<\/strong> Are modern SEO approaches such as content marketing, technical SEO and local optimization being used?<\/li>\n\n\n\n<li><strong>Experience in Dresden:<\/strong> Do the providers have extensive knowledge of the local market?<\/li>\n<\/ul>\n\n<p>Our platform <strong>beste-seo.in<\/strong> regularly evaluates and updates the top lists to provide you with a reliable guide.<\/p>\n\n<hr class=\"wp-block-separator has-alpha-channel-opacity\"\/>\n\n<h4 class=\"wp-block-heading\"><strong>SEO in other German cities<\/strong><\/h4>\n\n<p>Berlin, Hamburg, Munich, Cologne, Frankfurt am Main, Stuttgart, D\u00fcsseldorf, Dortmund, Essen, Leipzig, Bremen, Dresden, Hanover, Nuremberg, Duisburg, Bochum, Wuppertal, Bielefeld, Bonn, M\u00fcnster, Karlsruhe, Mannheim, Augsburg, Wiesbaden, Gelsenkirchen, M\u00f6nchengladbach, Braunschweig, Chemnitz, Kiel, Aachen, Halle (Saale), Magdeburg, Krefeld, Freiburg im Breisgau, L\u00fcbeck, Oberhausen, Erfurt, Mainz, Rostock, Kassel, Hagen, Saarbr\u00fccken, Hamm, M\u00fclheim an der Ruhr, Potsdam, Ludwigshafen am Rhein, Oldenburg, Leverkusen, Osnabr\u00fcck.<\/p>\n\n<hr class=\"wp-block-separator has-alpha-channel-opacity\"\/>\n\n<h4 class=\"wp-block-heading\"><strong>Get in touch with us<\/strong><\/h4>\n\n<p>Would you like your company to appear in the top 10 results for &#8220;Best SEO in Dresden&#8221;? Contact us today and find out how we can help you achieve more visibility and success in the digital space!<\/p>\n","protected":false},"excerpt":{"rendered":"<p>Best SEO agencies and experts in Dresden Welcome to beste-seo.in, the leading platform for the evaluation and overview of the best SEO agencies and experts in Dresden. Success on the Internet starts with a strong Google ranking. In addition to the 543,825 inhabitants of Dresden, we want to know who the TOP SEOs are. In [&hellip;]<\/p>\n","protected":false},"author":1,"featured_media":0,"parent":0,"menu_order":0,"comment_status":"closed","ping_status":"closed","template":"","meta":{"footnotes":""},"class_list":["post-389","page","type-page","status-publish","hentry"],"yoast_head":"<!-- This site is optimized with the Yoast SEO plugin v24.5 - https:\/\/yoast.com\/wordpress\/plugins\/seo\/ -->\n<title>Who is the best SEO in Dresden?<\/title>\n<meta name=\"description\" content=\"Find out who the best SEO in Dresden is on this page \u2713 Find out who the best SEO in Dresden is now \u2192 Let&#039;s go!\" \/>\n<meta name=\"robots\" content=\"index, follow, max-snippet:-1, max-image-preview:large, max-video-preview:-1\" \/>\n<link rel=\"canonical\" href=\"https:\/\/beste-seo.in\/en\/dresden\/\" \/>\n<meta property=\"og:locale\" content=\"en_US\" \/>\n<meta property=\"og:type\" content=\"article\" \/>\n<meta property=\"og:title\" content=\"Who is the best SEO in Dresden?\" \/>\n<meta property=\"og:description\" content=\"Find out who the best SEO in Dresden is on this page \u2713 Find out who the best SEO in Dresden is now \u2192 Let&#039;s go!\" \/>\n<meta property=\"og:url\" content=\"https:\/\/beste-seo.in\/en\/dresden\/\" \/>\n<meta property=\"og:site_name\" content=\"Wer ist der beste SEO?\" \/>\n<meta property=\"article:modified_time\" content=\"2025-02-28T05:37:31+00:00\" \/>\n<meta name=\"twitter:card\" content=\"summary_large_image\" \/>\n<meta name=\"twitter:label1\" content=\"Est. reading time\" \/>\n\t<meta name=\"twitter:data1\" content=\"2 minutes\" \/>\n<script type=\"application\/ld+json\" class=\"yoast-schema-graph\">{\"@context\":\"https:\/\/schema.org\",\"@graph\":[{\"@type\":\"WebPage\",\"@id\":\"https:\/\/beste-seo.in\/en\/dresden\/\",\"url\":\"https:\/\/beste-seo.in\/en\/dresden\/\",\"name\":\"Who is the best SEO in Dresden?\",\"isPartOf\":{\"@id\":\"https:\/\/beste-seo.in\/en\/#website\"},\"datePublished\":\"2025-02-07T10:28:51+00:00\",\"dateModified\":\"2025-02-28T05:37:31+00:00\",\"description\":\"Find out who the best SEO in Dresden is on this page \u2713 Find out who the best SEO in Dresden is now \u2192 Let's go!\",\"breadcrumb\":{\"@id\":\"https:\/\/beste-seo.in\/en\/dresden\/#breadcrumb\"},\"inLanguage\":\"en-US\",\"potentialAction\":[{\"@type\":\"ReadAction\",\"target\":[\"https:\/\/beste-seo.in\/en\/dresden\/\"]}]},{\"@type\":\"BreadcrumbList\",\"@id\":\"https:\/\/beste-seo.in\/en\/dresden\/#breadcrumb\",\"itemListElement\":[{\"@type\":\"ListItem\",\"position\":1,\"name\":\"Startseite\",\"item\":\"https:\/\/beste-seo.in\/en\/\"},{\"@type\":\"ListItem\",\"position\":2,\"name\":\"Dresden\"}]},{\"@type\":\"WebSite\",\"@id\":\"https:\/\/beste-seo.in\/en\/#website\",\"url\":\"https:\/\/beste-seo.in\/en\/\",\"name\":\"Wer ist der beste SEO?\",\"description\":\"\",\"potentialAction\":[{\"@type\":\"SearchAction\",\"target\":{\"@type\":\"EntryPoint\",\"urlTemplate\":\"https:\/\/beste-seo.in\/en\/?s={search_term_string}\"},\"query-input\":{\"@type\":\"PropertyValueSpecification\",\"valueRequired\":true,\"valueName\":\"search_term_string\"}}],\"inLanguage\":\"en-US\"}]}<\/script>\n<!-- \/ Yoast SEO plugin. -->","yoast_head_json":{"title":"Who is the best SEO in Dresden?","description":"Find out who the best SEO in Dresden is on this page \u2713 Find out who the best SEO in Dresden is now \u2192 Let's go!","robots":{"index":"index","follow":"follow","max-snippet":"max-snippet:-1","max-image-preview":"max-image-preview:large","max-video-preview":"max-video-preview:-1"},"canonical":"https:\/\/beste-seo.in\/en\/dresden\/","og_locale":"en_US","og_type":"article","og_title":"Who is the best SEO in Dresden?","og_description":"Find out who the best SEO in Dresden is on this page \u2713 Find out who the best SEO in Dresden is now \u2192 Let's go!","og_url":"https:\/\/beste-seo.in\/en\/dresden\/","og_site_name":"Wer ist der beste SEO?","article_modified_time":"2025-02-28T05:37:31+00:00","twitter_card":"summary_large_image","twitter_misc":{"Est. reading time":"2 minutes"},"schema":{"@context":"https:\/\/schema.org","@graph":[{"@type":"WebPage","@id":"https:\/\/beste-seo.in\/en\/dresden\/","url":"https:\/\/beste-seo.in\/en\/dresden\/","name":"Who is the best SEO in Dresden?","isPartOf":{"@id":"https:\/\/beste-seo.in\/en\/#website"},"datePublished":"2025-02-07T10:28:51+00:00","dateModified":"2025-02-28T05:37:31+00:00","description":"Find out who the best SEO in Dresden is on this page \u2713 Find out who the best SEO in Dresden is now \u2192 Let's go!","breadcrumb":{"@id":"https:\/\/beste-seo.in\/en\/dresden\/#breadcrumb"},"inLanguage":"en-US","potentialAction":[{"@type":"ReadAction","target":["https:\/\/beste-seo.in\/en\/dresden\/"]}]},{"@type":"BreadcrumbList","@id":"https:\/\/beste-seo.in\/en\/dresden\/#breadcrumb","itemListElement":[{"@type":"ListItem","position":1,"name":"Startseite","item":"https:\/\/beste-seo.in\/en\/"},{"@type":"ListItem","position":2,"name":"Dresden"}]},{"@type":"WebSite","@id":"https:\/\/beste-seo.in\/en\/#website","url":"https:\/\/beste-seo.in\/en\/","name":"Wer ist der beste SEO?","description":"","potentialAction":[{"@type":"SearchAction","target":{"@type":"EntryPoint","urlTemplate":"https:\/\/beste-seo.in\/en\/?s={search_term_string}"},"query-input":{"@type":"PropertyValueSpecification","valueRequired":true,"valueName":"search_term_string"}}],"inLanguage":"en-US"}]}},"_links":{"self":[{"href":"https:\/\/beste-seo.in\/en\/wp-json\/wp\/v2\/pages\/389","targetHints":{"allow":["GET"]}}],"collection":[{"href":"https:\/\/beste-seo.in\/en\/wp-json\/wp\/v2\/pages"}],"about":[{"href":"https:\/\/beste-seo.in\/en\/wp-json\/wp\/v2\/types\/page"}],"author":[{"embeddable":true,"href":"https:\/\/beste-seo.in\/en\/wp-json\/wp\/v2\/users\/1"}],"replies":[{"embeddable":true,"href":"https:\/\/beste-seo.in\/en\/wp-json\/wp\/v2\/comments?post=389"}],"version-history":[{"count":1,"href":"https:\/\/beste-seo.in\/en\/wp-json\/wp\/v2\/pages\/389\/revisions"}],"predecessor-version":[{"id":390,"href":"https:\/\/beste-seo.in\/en\/wp-json\/wp\/v2\/pages\/389\/revisions\/390"}],"wp:attachment":[{"href":"https:\/\/beste-seo.in\/en\/wp-json\/wp\/v2\/media?parent=389"}],"curies":[{"name":"wp","href":"https:\/\/api.w.org\/{rel}","templated":true}]}}